{"id":16718,"date":"2020-02-28T22:41:42","date_gmt":"2020-02-28T21:41:42","guid":{"rendered":"https:\/\/www.tenniscup.it\/portale\/?page_id=16718"},"modified":"2020-02-28T23:32:40","modified_gmt":"2020-02-28T22:32:40","slug":"tennis-pavese-tornei","status":"publish","type":"page","link":"https:\/\/www.tenniscup.it\/portale\/tennis-pavese-tornei\/","title":{"rendered":"Tennis Pavese Tornei"},"content":{"rendered":"\t\t<div data-elementor-type=\"wp-post\" data-elementor-id=\"16718\" class=\"elementor elementor-16718\" data-elementor-settings=\"[]\">\n\t\t\t\t\t\t<div class=\"elementor-inner\">\n\t\t\t\t\t\t\t<div class=\"elementor-section-wrap\">\n\t\t\t\t\t\t\t<section class=\"elementor-section elementor-top-section elementor-element elementor-element-4ba3b22f elementor-section-boxed elementor-section-height-default elementor-section-height-default\" data-id=\"4ba3b22f\" data-element_type=\"section\">\n\t\t\t\t\t\t<div class=\"elementor-container elementor-column-gap-default\">\n\t\t\t\t\t\t\t<div class=\"elementor-row\">\n\t\t\t\t\t<div class=\"elementor-column elementor-col-100 elementor-top-column elementor-element elementor-element-3f6d235b\" data-id=\"3f6d235b\" data-element_type=\"column\">\n\t\t\t<div class=\"elementor-column-wrap elementor-element-populated\">\n\t\t\t\t\t\t\t<div class=\"elementor-widget-wrap\">\n\t\t\t\t\t\t<div class=\"elementor-element elementor-element-5b419a9 elementor-hidden-desktop elementor-hidden-tablet elementor-hidden-phone elementor-widget elementor-widget-heading\" data-id=\"5b419a9\" data-element_type=\"widget\" data-widget_type=\"heading.default\">\n\t\t\t\t<div class=\"elementor-widget-container\">\n\t\t\t<h4 class=\"elementor-heading-title elementor-size-default\">Tennis Pavese Tornei<\/h4>\t\t<\/div>\n\t\t\t\t<\/div>\n\t\t\t\t<div class=\"elementor-element elementor-element-6b4ad16 elementor-hidden-desktop elementor-hidden-tablet elementor-hidden-phone elementor-widget elementor-widget-heading\" data-id=\"6b4ad16\" data-element_type=\"widget\" data-widget_type=\"heading.default\">\n\t\t\t\t<div class=\"elementor-widget-container\">\n\t\t\t<h1 class=\"elementor-heading-title elementor-size-default\">Tennis Pavese Tornei<\/h1>\t\t<\/div>\n\t\t\t\t<\/div>\n\t\t\t\t<div class=\"elementor-element elementor-element-4036e4a3 elementor-widget elementor-widget-text-editor\" data-id=\"4036e4a3\" data-element_type=\"widget\" data-widget_type=\"text-editor.default\">\n\t\t\t\t<div class=\"elementor-widget-container\">\n\t\t\t\t\t\t\t\t<div class=\"elementor-text-editor elementor-clearfix\">\n\t\t\t\t<p>L\u2019annata di Tenniscup <strong>(oggi nel 2020 siamo 21esimo anno)<\/strong> si compone oggi di cinque tornei principali e circa 180 match distribuiti nell\u2019arco dell\u2019anno solare, www.tenniscup.it \u00e8 il contenitore, anche storico, dei match per dare visibilit\u00e0 e spazio a commenti e opinioni del gruppo che in questi anni ha visto sfilare pi\u00f9 di qualche centinaio di tennisti e tenniste pavesi e di appassionati di <b>Tennis a Pavia<\/b> e provincia.<\/p>\n<p>Da marzo a maggio \u00e8 il momento del <strong>Campionato di Apertura<\/strong> composto da 12 team formati ognuno da tre player di vari livello (36 giocatori totali) che procedono a formare quattro gironi eliminatori e poi dai quarti di finale eliminazione diretta per un totale di 19 serate, a fine maggio il <strong>Mixed Contest<\/strong> campionato a squadre miste con 24 player uomini e donne e 6 team che si contendono il titolo, a settembre \u00e8 tempo di <strong>Torneo Giallo<\/strong> (giunger\u00e0 quest\u2019anno alla 31\u00b0 edizione) \u00e8 un torneo di doppio con coppie a sorteggio solo al primo turno (cio\u00e8 un \u201cgiallo\u201d atipico), infine da Ottobre a Dicembre c\u2019\u00e8 un secondo <strong>Campionato detto di Chiusura<\/strong> (con la stessa formula dell\u2019apertura) che chiude la stagione ed anche la classifica dei player che parteciperanno al<strong> Master<\/strong> di Febbraio.<br \/><!-- wp:quote --><\/p>\n<blockquote class=\"wp-block-quote\">\n<p>La migliore coppia di doppisti al mondo e&#8217; John McEnroe e chiunque altro.<\/p>\n<p><cite>Peter Flaming<\/cite><\/p>\n<\/blockquote>\n<p><!-- \/wp:quote --><\/p>\t\t\t\t\t<\/div>\n\t\t\t\t\t\t<\/div>\n\t\t\t\t<\/div>\n\t\t\t\t<div class=\"elementor-element elementor-element-031ae87 elementor-share-buttons--view-icon-text elementor-share-buttons--skin-gradient elementor-share-buttons--shape-square elementor-grid-0 elementor-share-buttons--color-official elementor-widget elementor-widget-share-buttons\" data-id=\"031ae87\" data-element_type=\"widget\" data-widget_type=\"share-buttons.default\">\n\t\t\t\t<div class=\"elementor-widget-container\">\n\t\t\t\t\t<div class=\"elementor-grid\">\n\t\t\t\t\t\t\t\t<div class=\"elementor-grid-item\">\n\t\t\t\t\t\t<div class=\"elementor-share-btn elementor-share-btn_facebook\">\n\t\t\t\t\t\t\t\t\t\t\t\t\t\t\t<span class=\"elementor-share-btn__icon\">\n\t\t\t\t\t\t\t\t<i class=\"fab fa-facebook\" aria-hidden=\"true\"><\/i>\t\t\t\t\t\t\t\t<span\n\t\t\t\t\t\t\t\t\tclass=\"elementor-screen-only\">Condividi su facebook<\/span>\n\t\t\t\t\t\t\t<\/span>\n\t\t\t\t\t\t\t\t\t\t\t\t\t\t\t\t\t\t\t\t\t\t<div class=\"elementor-share-btn__text\">\n\t\t\t\t\t\t\t\t\t\t\t\t\t\t\t\t\t\t\t<span class=\"elementor-share-btn__title\">\n\t\t\t\t\t\t\t\t\t\tFacebook\t\t\t\t\t\t\t\t\t<\/span>\n\t\t\t\t\t\t\t\t\t\t\t\t\t\t\t\t\t<\/div>\n\t\t\t\t\t\t\t\t\t\t\t\t\t<\/div>\n\t\t\t\t\t<\/div>\n\t\t\t\t\t\t\t\t\t<div class=\"elementor-grid-item\">\n\t\t\t\t\t\t<div class=\"elementor-share-btn elementor-share-btn_whatsapp\">\n\t\t\t\t\t\t\t\t\t\t\t\t\t\t\t<span class=\"elementor-share-btn__icon\">\n\t\t\t\t\t\t\t\t<i class=\"fab fa-whatsapp\" aria-hidden=\"true\"><\/i>\t\t\t\t\t\t\t\t<span\n\t\t\t\t\t\t\t\t\tclass=\"elementor-screen-only\">Condividi su whatsapp<\/span>\n\t\t\t\t\t\t\t<\/span>\n\t\t\t\t\t\t\t\t\t\t\t\t\t\t\t\t\t\t\t\t\t\t<div class=\"elementor-share-btn__text\">\n\t\t\t\t\t\t\t\t\t\t\t\t\t\t\t\t\t\t\t<span class=\"elementor-share-btn__title\">\n\t\t\t\t\t\t\t\t\t\tWhatsApp\t\t\t\t\t\t\t\t\t<\/span>\n\t\t\t\t\t\t\t\t\t\t\t\t\t\t\t\t\t<\/div>\n\t\t\t\t\t\t\t\t\t\t\t\t\t<\/div>\n\t\t\t\t\t<\/div>\n\t\t\t\t\t\t\t\t\t<div class=\"elementor-grid-item\">\n\t\t\t\t\t\t<div class=\"elementor-share-btn elementor-share-btn_telegram\">\n\t\t\t\t\t\t\t\t\t\t\t\t\t\t\t<span class=\"elementor-share-btn__icon\">\n\t\t\t\t\t\t\t\t<i class=\"fab fa-telegram\" aria-hidden=\"true\"><\/i>\t\t\t\t\t\t\t\t<span\n\t\t\t\t\t\t\t\t\tclass=\"elementor-screen-only\">Condividi su telegram<\/span>\n\t\t\t\t\t\t\t<\/span>\n\t\t\t\t\t\t\t\t\t\t\t\t\t\t\t\t\t\t\t\t\t\t<div class=\"elementor-share-btn__text\">\n\t\t\t\t\t\t\t\t\t\t\t\t\t\t\t\t\t\t\t<span class=\"elementor-share-btn__title\">\n\t\t\t\t\t\t\t\t\t\tTelegram\t\t\t\t\t\t\t\t\t<\/span>\n\t\t\t\t\t\t\t\t\t\t\t\t\t\t\t\t\t<\/div>\n\t\t\t\t\t\t\t\t\t\t\t\t\t<\/div>\n\t\t\t\t\t<\/div>\n\t\t\t\t\t\t\t\t\t<div class=\"elementor-grid-item\">\n\t\t\t\t\t\t<div class=\"elementor-share-btn elementor-share-btn_twitter\">\n\t\t\t\t\t\t\t\t\t\t\t\t\t\t\t<span class=\"elementor-share-btn__icon\">\n\t\t\t\t\t\t\t\t<i class=\"fab fa-twitter\" aria-hidden=\"true\"><\/i>\t\t\t\t\t\t\t\t<span\n\t\t\t\t\t\t\t\t\tclass=\"elementor-screen-only\">Condividi su twitter<\/span>\n\t\t\t\t\t\t\t<\/span>\n\t\t\t\t\t\t\t\t\t\t\t\t\t\t\t\t\t\t\t\t\t\t<div class=\"elementor-share-btn__text\">\n\t\t\t\t\t\t\t\t\t\t\t\t\t\t\t\t\t\t\t<span class=\"elementor-share-btn__title\">\n\t\t\t\t\t\t\t\t\t\tTwitter\t\t\t\t\t\t\t\t\t<\/span>\n\t\t\t\t\t\t\t\t\t\t\t\t\t\t\t\t\t<\/div>\n\t\t\t\t\t\t\t\t\t\t\t\t\t<\/div>\n\t\t\t\t\t<\/div>\n\t\t\t\t\t\t<\/div>\n\t\t\t\t<\/div>\n\t\t\t\t<\/div>\n\t\t\t\t\t\t<\/div>\n\t\t\t\t\t<\/div>\n\t\t<\/div>\n\t\t\t\t\t\t\t\t<\/div>\n\t\t\t\t\t<\/div>\n\t\t<\/section>\n\t\t\t\t\t\t<\/div>\n\t\t\t\t\t\t<\/div>\n\t\t\t\t\t<\/div>\n\t\t","protected":false},"excerpt":{"rendered":"<p>Tennis Pavese Tornei Tennis Pavese Tornei L\u2019annata di Tenniscup (oggi nel 2020 siamo 21esimo anno) si compone oggi di cinque tornei principali e circa 180 match distribuiti nell\u2019arco dell\u2019anno solare, www.tenniscup.it \u00e8 il contenitore, anche storico, dei match per dare visibilit\u00e0 e spazio a commenti e opinioni del gruppo che in questi anni ha visto&#8230;<\/p>\n","protected":false},"author":2,"featured_media":10990,"parent":0,"menu_order":0,"comment_status":"closed","ping_status":"closed","template":"","meta":{"spay_email":""},"yoast_head":"<!-- This site is optimized with the Yoast SEO plugin v18.2 - https:\/\/yoast.com\/wordpress\/plugins\/seo\/ -->\n<title>Tennis Pavese Tornei - TENNISCUP - Stagione 2026 - 26\u00b0 Anno - Tennis Pavia<\/title>\n<meta name=\"robots\" content=\"index, follow, max-snippet:-1, max-image-preview:large, max-video-preview:-1\" \/>\n<link rel=\"canonical\" href=\"https:\/\/www.tenniscup.it\/portale\/tennis-pavese-tornei\/\" \/>\n<meta property=\"og:locale\" content=\"it_IT\" \/>\n<meta property=\"og:type\" content=\"article\" \/>\n<meta property=\"og:title\" content=\"Tennis Pavese Tornei - TENNISCUP - Stagione 2026 - 26\u00b0 Anno - Tennis Pavia\" \/>\n<meta property=\"og:description\" content=\"Tennis Pavese Tornei Tennis Pavese Tornei L\u2019annata di Tenniscup (oggi nel 2020 siamo 21esimo anno) si compone oggi di cinque tornei principali e circa 180 match distribuiti nell\u2019arco dell\u2019anno solare, www.tenniscup.it \u00e8 il contenitore, anche storico, dei match per dare visibilit\u00e0 e spazio a commenti e opinioni del gruppo che in questi anni ha visto...\" \/>\n<meta property=\"og:url\" content=\"https:\/\/www.tenniscup.it\/portale\/tennis-pavese-tornei\/\" \/>\n<meta property=\"og:site_name\" content=\"TENNISCUP - Stagione 2026 - 26\u00b0 Anno - Tennis Pavia\" \/>\n<meta property=\"article:modified_time\" content=\"2020-02-28T22:32:40+00:00\" \/>\n<meta property=\"og:image\" content=\"https:\/\/www.tenniscup.it\/portale\/wp-content\/uploads\/2017\/12\/film_slideshow1.jpg\" \/>\n\t<meta property=\"og:image:width\" content=\"800\" \/>\n\t<meta property=\"og:image:height\" content=\"298\" \/>\n\t<meta property=\"og:image:type\" content=\"image\/jpeg\" \/>\n<meta name=\"twitter:card\" content=\"summary_large_image\" \/>\n<meta name=\"twitter:label1\" content=\"Tempo di lettura stimato\" \/>\n\t<meta name=\"twitter:data1\" content=\"1 minuto\" \/>\n<script type=\"application\/ld+json\" class=\"yoast-schema-graph\">{\"@context\":\"https:\/\/schema.org\",\"@graph\":[{\"@type\":\"WebSite\",\"@id\":\"https:\/\/www.tenniscup.it\/portale\/#website\",\"url\":\"https:\/\/www.tenniscup.it\/portale\/\",\"name\":\"TENNISCUP - Stagione 2026 - 26\u00b0 Anno - Tennis Pavia\",\"description\":\"Is a Lover Tennis Championship\",\"potentialAction\":[{\"@type\":\"SearchAction\",\"target\":{\"@type\":\"EntryPoint\",\"urlTemplate\":\"https:\/\/www.tenniscup.it\/portale\/?s={search_term_string}\"},\"query-input\":\"required name=search_term_string\"}],\"inLanguage\":\"it-IT\"},{\"@type\":\"ImageObject\",\"@id\":\"https:\/\/www.tenniscup.it\/portale\/tennis-pavese-tornei\/#primaryimage\",\"inLanguage\":\"it-IT\",\"url\":\"https:\/\/www.tenniscup.it\/portale\/wp-content\/uploads\/2017\/12\/film_slideshow1.jpg\",\"contentUrl\":\"https:\/\/www.tenniscup.it\/portale\/wp-content\/uploads\/2017\/12\/film_slideshow1.jpg\",\"width\":800,\"height\":298,\"caption\":\"Tenniscup 2020, Tennis Pavia, Tennis Pavese, Eventi Pavia\u200b\"},{\"@type\":\"WebPage\",\"@id\":\"https:\/\/www.tenniscup.it\/portale\/tennis-pavese-tornei\/#webpage\",\"url\":\"https:\/\/www.tenniscup.it\/portale\/tennis-pavese-tornei\/\",\"name\":\"Tennis Pavese Tornei - TENNISCUP - Stagione 2026 - 26\u00b0 Anno - Tennis Pavia\",\"isPartOf\":{\"@id\":\"https:\/\/www.tenniscup.it\/portale\/#website\"},\"primaryImageOfPage\":{\"@id\":\"https:\/\/www.tenniscup.it\/portale\/tennis-pavese-tornei\/#primaryimage\"},\"datePublished\":\"2020-02-28T21:41:42+00:00\",\"dateModified\":\"2020-02-28T22:32:40+00:00\",\"breadcrumb\":{\"@id\":\"https:\/\/www.tenniscup.it\/portale\/tennis-pavese-tornei\/#breadcrumb\"},\"inLanguage\":\"it-IT\",\"potentialAction\":[{\"@type\":\"ReadAction\",\"target\":[\"https:\/\/www.tenniscup.it\/portale\/tennis-pavese-tornei\/\"]}]},{\"@type\":\"BreadcrumbList\",\"@id\":\"https:\/\/www.tenniscup.it\/portale\/tennis-pavese-tornei\/#breadcrumb\",\"itemListElement\":[{\"@type\":\"ListItem\",\"position\":1,\"name\":\"Home\",\"item\":\"https:\/\/www.tenniscup.it\/portale\/\"},{\"@type\":\"ListItem\",\"position\":2,\"name\":\"Tennis Pavese Tornei\"}]}]}<\/script>\n<!-- \/ Yoast SEO plugin. -->","yoast_head_json":{"title":"Tennis Pavese Tornei - TENNISCUP - Stagione 2026 - 26\u00b0 Anno - Tennis Pavia","robots":{"index":"index","follow":"follow","max-snippet":"max-snippet:-1","max-image-preview":"max-image-preview:large","max-video-preview":"max-video-preview:-1"},"canonical":"https:\/\/www.tenniscup.it\/portale\/tennis-pavese-tornei\/","og_locale":"it_IT","og_type":"article","og_title":"Tennis Pavese Tornei - TENNISCUP - Stagione 2026 - 26\u00b0 Anno - Tennis Pavia","og_description":"Tennis Pavese Tornei Tennis Pavese Tornei L\u2019annata di Tenniscup (oggi nel 2020 siamo 21esimo anno) si compone oggi di cinque tornei principali e circa 180 match distribuiti nell\u2019arco dell\u2019anno solare, www.tenniscup.it \u00e8 il contenitore, anche storico, dei match per dare visibilit\u00e0 e spazio a commenti e opinioni del gruppo che in questi anni ha visto...","og_url":"https:\/\/www.tenniscup.it\/portale\/tennis-pavese-tornei\/","og_site_name":"TENNISCUP - Stagione 2026 - 26\u00b0 Anno - Tennis Pavia","article_modified_time":"2020-02-28T22:32:40+00:00","og_image":[{"width":800,"height":298,"url":"https:\/\/www.tenniscup.it\/portale\/wp-content\/uploads\/2017\/12\/film_slideshow1.jpg","type":"image\/jpeg"}],"twitter_card":"summary_large_image","twitter_misc":{"Tempo di lettura stimato":"1 minuto"},"schema":{"@context":"https:\/\/schema.org","@graph":[{"@type":"WebSite","@id":"https:\/\/www.tenniscup.it\/portale\/#website","url":"https:\/\/www.tenniscup.it\/portale\/","name":"TENNISCUP - Stagione 2026 - 26\u00b0 Anno - Tennis Pavia","description":"Is a Lover Tennis Championship","potentialAction":[{"@type":"SearchAction","target":{"@type":"EntryPoint","urlTemplate":"https:\/\/www.tenniscup.it\/portale\/?s={search_term_string}"},"query-input":"required name=search_term_string"}],"inLanguage":"it-IT"},{"@type":"ImageObject","@id":"https:\/\/www.tenniscup.it\/portale\/tennis-pavese-tornei\/#primaryimage","inLanguage":"it-IT","url":"https:\/\/www.tenniscup.it\/portale\/wp-content\/uploads\/2017\/12\/film_slideshow1.jpg","contentUrl":"https:\/\/www.tenniscup.it\/portale\/wp-content\/uploads\/2017\/12\/film_slideshow1.jpg","width":800,"height":298,"caption":"Tenniscup 2020, Tennis Pavia, Tennis Pavese, Eventi Pavia\u200b"},{"@type":"WebPage","@id":"https:\/\/www.tenniscup.it\/portale\/tennis-pavese-tornei\/#webpage","url":"https:\/\/www.tenniscup.it\/portale\/tennis-pavese-tornei\/","name":"Tennis Pavese Tornei - TENNISCUP - Stagione 2026 - 26\u00b0 Anno - Tennis Pavia","isPartOf":{"@id":"https:\/\/www.tenniscup.it\/portale\/#website"},"primaryImageOfPage":{"@id":"https:\/\/www.tenniscup.it\/portale\/tennis-pavese-tornei\/#primaryimage"},"datePublished":"2020-02-28T21:41:42+00:00","dateModified":"2020-02-28T22:32:40+00:00","breadcrumb":{"@id":"https:\/\/www.tenniscup.it\/portale\/tennis-pavese-tornei\/#breadcrumb"},"inLanguage":"it-IT","potentialAction":[{"@type":"ReadAction","target":["https:\/\/www.tenniscup.it\/portale\/tennis-pavese-tornei\/"]}]},{"@type":"BreadcrumbList","@id":"https:\/\/www.tenniscup.it\/portale\/tennis-pavese-tornei\/#breadcrumb","itemListElement":[{"@type":"ListItem","position":1,"name":"Home","item":"https:\/\/www.tenniscup.it\/portale\/"},{"@type":"ListItem","position":2,"name":"Tennis Pavese Tornei"}]}]}},"_links":{"self":[{"href":"https:\/\/www.tenniscup.it\/portale\/wp-json\/wp\/v2\/pages\/16718"}],"collection":[{"href":"https:\/\/www.tenniscup.it\/portale\/wp-json\/wp\/v2\/pages"}],"about":[{"href":"https:\/\/www.tenniscup.it\/portale\/wp-json\/wp\/v2\/types\/page"}],"author":[{"embeddable":true,"href":"https:\/\/www.tenniscup.it\/portale\/wp-json\/wp\/v2\/users\/2"}],"replies":[{"embeddable":true,"href":"https:\/\/www.tenniscup.it\/portale\/wp-json\/wp\/v2\/comments?post=16718"}],"version-history":[{"count":3,"href":"https:\/\/www.tenniscup.it\/portale\/wp-json\/wp\/v2\/pages\/16718\/revisions"}],"predecessor-version":[{"id":16742,"href":"https:\/\/www.tenniscup.it\/portale\/wp-json\/wp\/v2\/pages\/16718\/revisions\/16742"}],"wp:featuredmedia":[{"embeddable":true,"href":"https:\/\/www.tenniscup.it\/portale\/wp-json\/wp\/v2\/media\/10990"}],"wp:attachment":[{"href":"https:\/\/www.tenniscup.it\/portale\/wp-json\/wp\/v2\/media?parent=16718"}],"curies":[{"name":"wp","href":"https:\/\/api.w.org\/{rel}","templated":true}]}}