{"id":14589,"date":"2019-08-18T18:38:34","date_gmt":"2019-08-18T16:38:34","guid":{"rendered":"https:\/\/www.tenniscup.it\/portale\/?page_id=14589"},"modified":"2024-04-26T20:24:47","modified_gmt":"2024-04-26T18:24:47","slug":"la-stagione-di-tenniscup","status":"publish","type":"page","link":"https:\/\/www.tenniscup.it\/portale\/la-stagione-di-tenniscup\/","title":{"rendered":"La Stagione e i Tornei di Tenniscup"},"content":{"rendered":"\t\t<div data-elementor-type=\"wp-post\" data-elementor-id=\"14589\" class=\"elementor elementor-14589\" data-elementor-settings=\"[]\">\n\t\t\t\t\t\t<div class=\"elementor-inner\">\n\t\t\t\t\t\t\t<div class=\"elementor-section-wrap\">\n\t\t\t\t\t\t\t<section class=\"elementor-section elementor-top-section elementor-element elementor-element-4ba3b22f elementor-section-boxed elementor-section-height-default elementor-section-height-default\" data-id=\"4ba3b22f\" data-element_type=\"section\">\n\t\t\t\t\t\t<div class=\"elementor-container elementor-column-gap-default\">\n\t\t\t\t\t\t\t<div class=\"elementor-row\">\n\t\t\t\t\t<div class=\"elementor-column elementor-col-100 elementor-top-column elementor-element elementor-element-3f6d235b\" data-id=\"3f6d235b\" data-element_type=\"column\">\n\t\t\t<div class=\"elementor-column-wrap elementor-element-populated\">\n\t\t\t\t\t\t\t<div class=\"elementor-widget-wrap\">\n\t\t\t\t\t\t<div class=\"elementor-element elementor-element-4036e4a3 elementor-widget elementor-widget-text-editor\" data-id=\"4036e4a3\" data-element_type=\"widget\" data-widget_type=\"text-editor.default\">\n\t\t\t\t<div class=\"elementor-widget-container\">\n\t\t\t\t\t\t\t\t<div class=\"elementor-text-editor elementor-clearfix\">\n\t\t\t\t<p>L\u2019annata tipo di Tenniscup <strong>(oggi nel 2024 siamo al 25\u00b0 anno)<\/strong> si compone di quattro tornei principali e circa 110 match distribuiti nell\u2019arco dell\u2019anno solare, www.tenniscup.it \u00e8 il contenitore, anche storico, dei match per dare visibilit\u00e0 e spazio a commenti e opinioni del gruppo che in questi anni ha visto sfilare pi\u00f9 di diverse centinaia di tennisti e tenniste pavesi e di appassionati di <b>Tennis a Pavia<\/b> e provincia.<\/p>\n<p>Da marzo a aprile \u00e8 il momento del <strong>Campionato di Apertura<\/strong> composto da 9 team formati ognuno da tre player di vari livello (36 giocatori totali) che procedono a formare quattro gironi eliminatori e poi dalle semifinali eliminazione diretta per un totale di 12 serate, a inizio maggio la <strong>Team Laver Cup<\/strong> con la classica sfida tra i team di <strong>Tennis Mirabello vs Tenniscup<\/strong>, a settembre \u00e8 tempo di <strong>Torneo Giallo<\/strong> (giunger\u00e0 quest\u2019anno alla 35\u00b0 edizione) \u00e8 un torneo di doppio con coppie a sorteggio solo al primo turno (cio\u00e8 un \u201cgiallo\u201d atipico), infine da Ottobre a Novembre c\u2019\u00e8 un secondo <strong>Campionato detto di Chiusura<\/strong> (con la stessa formula dell\u2019apertura) che chiude la stagione.<br \/><!-- wp:quote --><\/p>\n<blockquote class=\"wp-block-quote\">\n<p>La migliore coppia di doppisti al mondo e&#8217; John McEnroe e chiunque altro.<\/p>\n<p><cite>Peter Flaming<\/cite><\/p>\n<\/blockquote>\n<p><!-- \/wp:quote --><\/p>\t\t\t\t\t<\/div>\n\t\t\t\t\t\t<\/div>\n\t\t\t\t<\/div>\n\t\t\t\t<div class=\"elementor-element elementor-element-031ae87 elementor-share-buttons--view-icon-text elementor-share-buttons--skin-gradient elementor-share-buttons--shape-square elementor-grid-0 elementor-share-buttons--color-official elementor-widget elementor-widget-share-buttons\" data-id=\"031ae87\" data-element_type=\"widget\" data-widget_type=\"share-buttons.default\">\n\t\t\t\t<div class=\"elementor-widget-container\">\n\t\t\t\t\t<div class=\"elementor-grid\">\n\t\t\t\t\t\t\t\t<div class=\"elementor-grid-item\">\n\t\t\t\t\t\t<div class=\"elementor-share-btn elementor-share-btn_facebook\">\n\t\t\t\t\t\t\t\t\t\t\t\t\t\t\t<span class=\"elementor-share-btn__icon\">\n\t\t\t\t\t\t\t\t<i class=\"fab fa-facebook\" aria-hidden=\"true\"><\/i>\t\t\t\t\t\t\t\t<span\n\t\t\t\t\t\t\t\t\tclass=\"elementor-screen-only\">Condividi su facebook<\/span>\n\t\t\t\t\t\t\t<\/span>\n\t\t\t\t\t\t\t\t\t\t\t\t\t\t\t\t\t\t\t\t\t\t<div class=\"elementor-share-btn__text\">\n\t\t\t\t\t\t\t\t\t\t\t\t\t\t\t\t\t\t\t<span class=\"elementor-share-btn__title\">\n\t\t\t\t\t\t\t\t\t\tFacebook\t\t\t\t\t\t\t\t\t<\/span>\n\t\t\t\t\t\t\t\t\t\t\t\t\t\t\t\t\t<\/div>\n\t\t\t\t\t\t\t\t\t\t\t\t\t<\/div>\n\t\t\t\t\t<\/div>\n\t\t\t\t\t\t\t\t\t<div class=\"elementor-grid-item\">\n\t\t\t\t\t\t<div class=\"elementor-share-btn elementor-share-btn_whatsapp\">\n\t\t\t\t\t\t\t\t\t\t\t\t\t\t\t<span class=\"elementor-share-btn__icon\">\n\t\t\t\t\t\t\t\t<i class=\"fab fa-whatsapp\" aria-hidden=\"true\"><\/i>\t\t\t\t\t\t\t\t<span\n\t\t\t\t\t\t\t\t\tclass=\"elementor-screen-only\">Condividi su whatsapp<\/span>\n\t\t\t\t\t\t\t<\/span>\n\t\t\t\t\t\t\t\t\t\t\t\t\t\t\t\t\t\t\t\t\t\t<div class=\"elementor-share-btn__text\">\n\t\t\t\t\t\t\t\t\t\t\t\t\t\t\t\t\t\t\t<span class=\"elementor-share-btn__title\">\n\t\t\t\t\t\t\t\t\t\tWhatsApp\t\t\t\t\t\t\t\t\t<\/span>\n\t\t\t\t\t\t\t\t\t\t\t\t\t\t\t\t\t<\/div>\n\t\t\t\t\t\t\t\t\t\t\t\t\t<\/div>\n\t\t\t\t\t<\/div>\n\t\t\t\t\t\t\t\t\t<div class=\"elementor-grid-item\">\n\t\t\t\t\t\t<div class=\"elementor-share-btn elementor-share-btn_telegram\">\n\t\t\t\t\t\t\t\t\t\t\t\t\t\t\t<span class=\"elementor-share-btn__icon\">\n\t\t\t\t\t\t\t\t<i class=\"fab fa-telegram\" aria-hidden=\"true\"><\/i>\t\t\t\t\t\t\t\t<span\n\t\t\t\t\t\t\t\t\tclass=\"elementor-screen-only\">Condividi su telegram<\/span>\n\t\t\t\t\t\t\t<\/span>\n\t\t\t\t\t\t\t\t\t\t\t\t\t\t\t\t\t\t\t\t\t\t<div class=\"elementor-share-btn__text\">\n\t\t\t\t\t\t\t\t\t\t\t\t\t\t\t\t\t\t\t<span class=\"elementor-share-btn__title\">\n\t\t\t\t\t\t\t\t\t\tTelegram\t\t\t\t\t\t\t\t\t<\/span>\n\t\t\t\t\t\t\t\t\t\t\t\t\t\t\t\t\t<\/div>\n\t\t\t\t\t\t\t\t\t\t\t\t\t<\/div>\n\t\t\t\t\t<\/div>\n\t\t\t\t\t\t\t\t\t<div class=\"elementor-grid-item\">\n\t\t\t\t\t\t<div class=\"elementor-share-btn elementor-share-btn_twitter\">\n\t\t\t\t\t\t\t\t\t\t\t\t\t\t\t<span class=\"elementor-share-btn__icon\">\n\t\t\t\t\t\t\t\t<i class=\"fab fa-twitter\" aria-hidden=\"true\"><\/i>\t\t\t\t\t\t\t\t<span\n\t\t\t\t\t\t\t\t\tclass=\"elementor-screen-only\">Condividi su twitter<\/span>\n\t\t\t\t\t\t\t<\/span>\n\t\t\t\t\t\t\t\t\t\t\t\t\t\t\t\t\t\t\t\t\t\t<div class=\"elementor-share-btn__text\">\n\t\t\t\t\t\t\t\t\t\t\t\t\t\t\t\t\t\t\t<span class=\"elementor-share-btn__title\">\n\t\t\t\t\t\t\t\t\t\tTwitter\t\t\t\t\t\t\t\t\t<\/span>\n\t\t\t\t\t\t\t\t\t\t\t\t\t\t\t\t\t<\/div>\n\t\t\t\t\t\t\t\t\t\t\t\t\t<\/div>\n\t\t\t\t\t<\/div>\n\t\t\t\t\t\t<\/div>\n\t\t\t\t<\/div>\n\t\t\t\t<\/div>\n\t\t\t\t\t\t<\/div>\n\t\t\t\t\t<\/div>\n\t\t<\/div>\n\t\t\t\t\t\t\t\t<\/div>\n\t\t\t\t\t<\/div>\n\t\t<\/section>\n\t\t\t\t\t\t<\/div>\n\t\t\t\t\t\t<\/div>\n\t\t\t\t\t<\/div>\n\t\t","protected":false},"excerpt":{"rendered":"<p>L\u2019annata tipo di Tenniscup (oggi nel 2024 siamo al 25\u00b0 anno) si compone di quattro tornei principali e circa 110 match distribuiti nell\u2019arco dell\u2019anno solare, www.tenniscup.it \u00e8 il contenitore, anche storico, dei match per dare visibilit\u00e0 e spazio a commenti e opinioni del gruppo che in questi anni ha visto sfilare pi\u00f9 di diverse centinaia&#8230;<\/p>\n","protected":false},"author":2,"featured_media":10990,"parent":0,"menu_order":0,"comment_status":"closed","ping_status":"closed","template":"","meta":{"spay_email":""},"yoast_head":"<!-- This site is optimized with the Yoast SEO plugin v18.2 - https:\/\/yoast.com\/wordpress\/plugins\/seo\/ -->\n<title>La Stagione e i Tornei di Tenniscup - TENNISCUP - Stagione 2026 - 27\u00b0 Anno - Tennis Pavia<\/title>\n<meta name=\"robots\" content=\"index, follow, max-snippet:-1, max-image-preview:large, max-video-preview:-1\" \/>\n<link rel=\"canonical\" href=\"https:\/\/www.tenniscup.it\/portale\/la-stagione-di-tenniscup\/\" \/>\n<meta property=\"og:locale\" content=\"it_IT\" \/>\n<meta property=\"og:type\" content=\"article\" \/>\n<meta property=\"og:title\" content=\"La Stagione e i Tornei di Tenniscup - TENNISCUP - Stagione 2026 - 27\u00b0 Anno - Tennis Pavia\" \/>\n<meta property=\"og:description\" content=\"L\u2019annata tipo di Tenniscup (oggi nel 2024 siamo al 25\u00b0 anno) si compone di quattro tornei principali e circa 110 match distribuiti nell\u2019arco dell\u2019anno solare, www.tenniscup.it \u00e8 il contenitore, anche storico, dei match per dare visibilit\u00e0 e spazio a commenti e opinioni del gruppo che in questi anni ha visto sfilare pi\u00f9 di diverse centinaia...\" \/>\n<meta property=\"og:url\" content=\"https:\/\/www.tenniscup.it\/portale\/la-stagione-di-tenniscup\/\" \/>\n<meta property=\"og:site_name\" content=\"TENNISCUP - Stagione 2026 - 27\u00b0 Anno - Tennis Pavia\" \/>\n<meta property=\"article:modified_time\" content=\"2024-04-26T18:24:47+00:00\" \/>\n<meta property=\"og:image\" content=\"https:\/\/www.tenniscup.it\/portale\/wp-content\/uploads\/2017\/12\/film_slideshow1.jpg\" \/>\n\t<meta property=\"og:image:width\" content=\"800\" \/>\n\t<meta property=\"og:image:height\" content=\"298\" \/>\n\t<meta property=\"og:image:type\" content=\"image\/jpeg\" \/>\n<meta name=\"twitter:card\" content=\"summary_large_image\" \/>\n<meta name=\"twitter:label1\" content=\"Tempo di lettura stimato\" \/>\n\t<meta name=\"twitter:data1\" content=\"2 minuti\" \/>\n<script type=\"application\/ld+json\" class=\"yoast-schema-graph\">{\"@context\":\"https:\/\/schema.org\",\"@graph\":[{\"@type\":\"WebSite\",\"@id\":\"https:\/\/www.tenniscup.it\/portale\/#website\",\"url\":\"https:\/\/www.tenniscup.it\/portale\/\",\"name\":\"TENNISCUP - Stagione 2026 - 27\u00b0 Anno - Tennis Pavia\",\"description\":\"Is a Lover Tennis Championship\",\"potentialAction\":[{\"@type\":\"SearchAction\",\"target\":{\"@type\":\"EntryPoint\",\"urlTemplate\":\"https:\/\/www.tenniscup.it\/portale\/?s={search_term_string}\"},\"query-input\":\"required name=search_term_string\"}],\"inLanguage\":\"it-IT\"},{\"@type\":\"ImageObject\",\"@id\":\"https:\/\/www.tenniscup.it\/portale\/la-stagione-di-tenniscup\/#primaryimage\",\"inLanguage\":\"it-IT\",\"url\":\"https:\/\/www.tenniscup.it\/portale\/wp-content\/uploads\/2017\/12\/film_slideshow1.jpg\",\"contentUrl\":\"https:\/\/www.tenniscup.it\/portale\/wp-content\/uploads\/2017\/12\/film_slideshow1.jpg\",\"width\":800,\"height\":298,\"caption\":\"Tenniscup 2020, Tennis Pavia, Tennis Pavese, Eventi Pavia\u200b\"},{\"@type\":\"WebPage\",\"@id\":\"https:\/\/www.tenniscup.it\/portale\/la-stagione-di-tenniscup\/#webpage\",\"url\":\"https:\/\/www.tenniscup.it\/portale\/la-stagione-di-tenniscup\/\",\"name\":\"La Stagione e i Tornei di Tenniscup - TENNISCUP - Stagione 2026 - 27\u00b0 Anno - Tennis Pavia\",\"isPartOf\":{\"@id\":\"https:\/\/www.tenniscup.it\/portale\/#website\"},\"primaryImageOfPage\":{\"@id\":\"https:\/\/www.tenniscup.it\/portale\/la-stagione-di-tenniscup\/#primaryimage\"},\"datePublished\":\"2019-08-18T16:38:34+00:00\",\"dateModified\":\"2024-04-26T18:24:47+00:00\",\"breadcrumb\":{\"@id\":\"https:\/\/www.tenniscup.it\/portale\/la-stagione-di-tenniscup\/#breadcrumb\"},\"inLanguage\":\"it-IT\",\"potentialAction\":[{\"@type\":\"ReadAction\",\"target\":[\"https:\/\/www.tenniscup.it\/portale\/la-stagione-di-tenniscup\/\"]}]},{\"@type\":\"BreadcrumbList\",\"@id\":\"https:\/\/www.tenniscup.it\/portale\/la-stagione-di-tenniscup\/#breadcrumb\",\"itemListElement\":[{\"@type\":\"ListItem\",\"position\":1,\"name\":\"Home\",\"item\":\"https:\/\/www.tenniscup.it\/portale\/\"},{\"@type\":\"ListItem\",\"position\":2,\"name\":\"La Stagione e i Tornei di Tenniscup\"}]}]}<\/script>\n<!-- \/ Yoast SEO plugin. -->","yoast_head_json":{"title":"La Stagione e i Tornei di Tenniscup - TENNISCUP - Stagione 2026 - 27\u00b0 Anno - Tennis Pavia","robots":{"index":"index","follow":"follow","max-snippet":"max-snippet:-1","max-image-preview":"max-image-preview:large","max-video-preview":"max-video-preview:-1"},"canonical":"https:\/\/www.tenniscup.it\/portale\/la-stagione-di-tenniscup\/","og_locale":"it_IT","og_type":"article","og_title":"La Stagione e i Tornei di Tenniscup - TENNISCUP - Stagione 2026 - 27\u00b0 Anno - Tennis Pavia","og_description":"L\u2019annata tipo di Tenniscup (oggi nel 2024 siamo al 25\u00b0 anno) si compone di quattro tornei principali e circa 110 match distribuiti nell\u2019arco dell\u2019anno solare, www.tenniscup.it \u00e8 il contenitore, anche storico, dei match per dare visibilit\u00e0 e spazio a commenti e opinioni del gruppo che in questi anni ha visto sfilare pi\u00f9 di diverse centinaia...","og_url":"https:\/\/www.tenniscup.it\/portale\/la-stagione-di-tenniscup\/","og_site_name":"TENNISCUP - Stagione 2026 - 27\u00b0 Anno - Tennis Pavia","article_modified_time":"2024-04-26T18:24:47+00:00","og_image":[{"width":800,"height":298,"url":"https:\/\/www.tenniscup.it\/portale\/wp-content\/uploads\/2017\/12\/film_slideshow1.jpg","type":"image\/jpeg"}],"twitter_card":"summary_large_image","twitter_misc":{"Tempo di lettura stimato":"2 minuti"},"schema":{"@context":"https:\/\/schema.org","@graph":[{"@type":"WebSite","@id":"https:\/\/www.tenniscup.it\/portale\/#website","url":"https:\/\/www.tenniscup.it\/portale\/","name":"TENNISCUP - Stagione 2026 - 27\u00b0 Anno - Tennis Pavia","description":"Is a Lover Tennis Championship","potentialAction":[{"@type":"SearchAction","target":{"@type":"EntryPoint","urlTemplate":"https:\/\/www.tenniscup.it\/portale\/?s={search_term_string}"},"query-input":"required name=search_term_string"}],"inLanguage":"it-IT"},{"@type":"ImageObject","@id":"https:\/\/www.tenniscup.it\/portale\/la-stagione-di-tenniscup\/#primaryimage","inLanguage":"it-IT","url":"https:\/\/www.tenniscup.it\/portale\/wp-content\/uploads\/2017\/12\/film_slideshow1.jpg","contentUrl":"https:\/\/www.tenniscup.it\/portale\/wp-content\/uploads\/2017\/12\/film_slideshow1.jpg","width":800,"height":298,"caption":"Tenniscup 2020, Tennis Pavia, Tennis Pavese, Eventi Pavia\u200b"},{"@type":"WebPage","@id":"https:\/\/www.tenniscup.it\/portale\/la-stagione-di-tenniscup\/#webpage","url":"https:\/\/www.tenniscup.it\/portale\/la-stagione-di-tenniscup\/","name":"La Stagione e i Tornei di Tenniscup - TENNISCUP - Stagione 2026 - 27\u00b0 Anno - Tennis Pavia","isPartOf":{"@id":"https:\/\/www.tenniscup.it\/portale\/#website"},"primaryImageOfPage":{"@id":"https:\/\/www.tenniscup.it\/portale\/la-stagione-di-tenniscup\/#primaryimage"},"datePublished":"2019-08-18T16:38:34+00:00","dateModified":"2024-04-26T18:24:47+00:00","breadcrumb":{"@id":"https:\/\/www.tenniscup.it\/portale\/la-stagione-di-tenniscup\/#breadcrumb"},"inLanguage":"it-IT","potentialAction":[{"@type":"ReadAction","target":["https:\/\/www.tenniscup.it\/portale\/la-stagione-di-tenniscup\/"]}]},{"@type":"BreadcrumbList","@id":"https:\/\/www.tenniscup.it\/portale\/la-stagione-di-tenniscup\/#breadcrumb","itemListElement":[{"@type":"ListItem","position":1,"name":"Home","item":"https:\/\/www.tenniscup.it\/portale\/"},{"@type":"ListItem","position":2,"name":"La Stagione e i Tornei di Tenniscup"}]}]}},"_links":{"self":[{"href":"https:\/\/www.tenniscup.it\/portale\/wp-json\/wp\/v2\/pages\/14589"}],"collection":[{"href":"https:\/\/www.tenniscup.it\/portale\/wp-json\/wp\/v2\/pages"}],"about":[{"href":"https:\/\/www.tenniscup.it\/portale\/wp-json\/wp\/v2\/types\/page"}],"author":[{"embeddable":true,"href":"https:\/\/www.tenniscup.it\/portale\/wp-json\/wp\/v2\/users\/2"}],"replies":[{"embeddable":true,"href":"https:\/\/www.tenniscup.it\/portale\/wp-json\/wp\/v2\/comments?post=14589"}],"version-history":[{"count":26,"href":"https:\/\/www.tenniscup.it\/portale\/wp-json\/wp\/v2\/pages\/14589\/revisions"}],"predecessor-version":[{"id":24749,"href":"https:\/\/www.tenniscup.it\/portale\/wp-json\/wp\/v2\/pages\/14589\/revisions\/24749"}],"wp:featuredmedia":[{"embeddable":true,"href":"https:\/\/www.tenniscup.it\/portale\/wp-json\/wp\/v2\/media\/10990"}],"wp:attachment":[{"href":"https:\/\/www.tenniscup.it\/portale\/wp-json\/wp\/v2\/media?parent=14589"}],"curies":[{"name":"wp","href":"https:\/\/api.w.org\/{rel}","templated":true}]}}